{"id":9,"date":"2015-02-25T13:18:20","date_gmt":"2015-02-25T13:18:20","guid":{"rendered":"http:\/\/www.secondlove.com.ar\/wp\/?page_id=9"},"modified":"2022-10-25T08:46:23","modified_gmt":"2022-10-25T08:46:23","slug":"contact","status":"publish","type":"page","link":"https:\/\/www.secondlove.com\/blog\/contact\/","title":{"rendered":"Contacto"},"content":{"rendered":"<p><span style=\"color: #000000;\"><strong>En este blog encontrar\u00e1s todo tipo de art\u00edculos y noticias sobre el comportamiento de las personas en relaci\u00f3n a la infidelidad en nuestro pa\u00eds y en el mundo.<\/strong><\/span><\/p>\n<p>Comparte tus pensamientos y experiencias en este blog.<br \/>\nNos interesa saber tu opini\u00f3n sobre estos temas.<\/p>\n<hr \/>\n<p>Tenes alguna experiencia de infidelidad para compartir o un art\u00edculos interesante que hayas le\u00eddo sobre el tema?<\/p>\n<p>Contactanos a<strong> <a href=\"mailto:info@secondlove.com\">info@secondlove.com<\/a><\/strong><\/p>\n<blockquote><p>Toda la informaci\u00f3n personal es confidencial y an\u00f3nima.<\/p><\/blockquote>\n<hr \/>\n<p><span style=\"color: #000000;\"><strong>Para informaci\u00f3n de prensa y entrevistas de Second Love Argentina por favor contactar a:<\/strong><\/span><\/p>\n<p>OlimpoBa \/\/ PR Agency<br \/>\nE-mail: <strong><a href=\"mailto:macaolimpo@gmail.com\">macaolimpo@gmail.com<\/a><\/strong><\/p>\n<div><\/div>\n","protected":false},"excerpt":{"rendered":"<p>En este blog encontrar\u00e1s todo tipo de art\u00edculos y noticias sobre el comportamiento de las personas en relaci\u00f3n a la infidelidad en nuestro pa\u00eds y en el mundo. Comparte tus&#46;&#46;&#46;<\/p>\n","protected":false},"author":2,"featured_media":0,"parent":0,"menu_order":2,"comment_status":"closed","ping_status":"open","template":"","meta":{"_monsterinsights_skip_tracking":false,"_monsterinsights_sitenote_active":false,"_monsterinsights_sitenote_note":"","_monsterinsights_sitenote_category":0,"footnotes":""},"class_list":["post-9","page","type-page","status-publish","hentry"],"_links":{"self":[{"href":"https:\/\/www.secondlove.com\/blog\/wp-json\/wp\/v2\/pages\/9","targetHints":{"allow":["GET"]}}],"collection":[{"href":"https:\/\/www.secondlove.com\/blog\/wp-json\/wp\/v2\/pages"}],"about":[{"href":"https:\/\/www.secondlove.com\/blog\/wp-json\/wp\/v2\/types\/page"}],"author":[{"embeddable":true,"href":"https:\/\/www.secondlove.com\/blog\/wp-json\/wp\/v2\/users\/2"}],"replies":[{"embeddable":true,"href":"https:\/\/www.secondlove.com\/blog\/wp-json\/wp\/v2\/comments?post=9"}],"version-history":[{"count":6,"href":"https:\/\/www.secondlove.com\/blog\/wp-json\/wp\/v2\/pages\/9\/revisions"}],"predecessor-version":[{"id":579,"href":"https:\/\/www.secondlove.com\/blog\/wp-json\/wp\/v2\/pages\/9\/revisions\/579"}],"wp:attachment":[{"href":"https:\/\/www.secondlove.com\/blog\/wp-json\/wp\/v2\/media?parent=9"}],"curies":[{"name":"wp","href":"https:\/\/api.w.org\/{rel}","templated":true}]}}