{"id":487,"date":"2021-06-03T10:41:08","date_gmt":"2021-06-03T10:41:08","guid":{"rendered":"https:\/\/www.secondlove.com\/blog\/?page_id=487"},"modified":"2021-06-03T10:48:29","modified_gmt":"2021-06-03T10:48:29","slug":"prensa","status":"publish","type":"page","link":"https:\/\/www.secondlove.com\/blog\/prensa\/","title":{"rendered":"PRENSA"},"content":{"rendered":"\t\t<div data-elementor-type=\"wp-post\" data-elementor-id=\"487\" class=\"elementor elementor-487\">\n\t\t\t\t\t\t<section class=\"elementor-section elementor-top-section elementor-element elementor-element-c5021c2 elementor-section-content-top elementor-section-boxed elementor-section-height-default elementor-section-height-default\" data-id=\"c5021c2\" data-element_type=\"section\" data-e-type=\"section\" data-settings=\"{&quot;background_background&quot;:&quot;classic&quot;}\">\n\t\t\t\t\t\t<div class=\"elementor-container elementor-column-gap-wider\">\n\t\t\t\t\t<div class=\"elementor-column elementor-col-50 elementor-top-column elementor-element elementor-element-89c2e1f\" data-id=\"89c2e1f\" data-element_type=\"column\" data-e-type=\"column\">\n\t\t\t<div class=\"elementor-widget-wrap elementor-element-populated\">\n\t\t\t\t\t\t<div class=\"elementor-element elementor-element-4fde5a0 elementor-position-top elementor-widget elementor-widget-image-box\" data-id=\"4fde5a0\" data-element_type=\"widget\" data-e-type=\"widget\" data-widget_type=\"image-box.default\">\n\t\t\t\t<div class=\"elementor-widget-container\">\n\t\t\t\t\t<div class=\"elementor-image-box-wrapper\"><figure class=\"elementor-image-box-img\"><a href=\"https:\/\/www.infobae.com\/tendencias\/2020\/10\/22\/8-de-cada-de-10-argentinos-confirman-que-la-cuarentena-aumento-su-deseo-de-ser-infieles\/\" target=\"_blank\" tabindex=\"-1\"><img decoding=\"async\" width=\"256\" height=\"110\" src=\"https:\/\/www.secondlove.com\/blog\/wp-content\/uploads\/2021\/06\/Infobae-logo-e1622714618377.png\" class=\"attachment-full size-full wp-image-489\" alt=\"imagen\" \/><\/a><\/figure><div class=\"elementor-image-box-content\"><h5 class=\"elementor-image-box-title\"><a href=\"https:\/\/www.infobae.com\/tendencias\/2020\/10\/22\/8-de-cada-de-10-argentinos-confirman-que-la-cuarentena-aumento-su-deseo-de-ser-infieles\/\" target=\"_blank\">8 de cada 10 argentinos confirman que la cuarentena aument\u00f3 su deseo de ser infieles<\/a><\/h5><p class=\"elementor-image-box-description\">Si bien la cuarentena puede dificultar la conexi\u00f3n con una pareja extramarital, un aumento reciente en los nuevos usuarios de sitios de parejas sugiere...<\/p><\/div><\/div>\t\t\t\t<\/div>\n\t\t\t\t<\/div>\n\t\t\t\t\t<\/div>\n\t\t<\/div>\n\t\t\t\t<div class=\"elementor-column elementor-col-50 elementor-top-column elementor-element elementor-element-6160bba\" data-id=\"6160bba\" data-element_type=\"column\" data-e-type=\"column\">\n\t\t\t<div class=\"elementor-widget-wrap elementor-element-populated\">\n\t\t\t\t\t\t<div class=\"elementor-element elementor-element-be09641 elementor-position-top elementor-widget elementor-widget-image-box\" data-id=\"be09641\" data-element_type=\"widget\" data-e-type=\"widget\" data-widget_type=\"image-box.default\">\n\t\t\t\t<div class=\"elementor-widget-container\">\n\t\t\t\t\t<div class=\"elementor-image-box-wrapper\"><figure class=\"elementor-image-box-img\"><a href=\"https:\/\/www.clarin.com\/relaciones\/breve-radiografia-infidelidad-pandemia_0_uCRKmSiZt.html\" target=\"_blank\" tabindex=\"-1\"><img fetchpriority=\"high\" decoding=\"async\" width=\"630\" height=\"320\" src=\"https:\/\/www.secondlove.com\/blog\/wp-content\/uploads\/2021\/06\/clarin-logo.jpeg\" class=\"attachment-full size-full wp-image-490\" alt=\"\" srcset=\"https:\/\/www.secondlove.com\/blog\/wp-content\/uploads\/2021\/06\/clarin-logo.jpeg 630w, https:\/\/www.secondlove.com\/blog\/wp-content\/uploads\/2021\/06\/clarin-logo-300x152.jpeg 300w\" sizes=\"(max-width: 630px) 100vw, 630px\" \/><\/a><\/figure><div class=\"elementor-image-box-content\"><h5 class=\"elementor-image-box-title\"><a href=\"https:\/\/www.clarin.com\/relaciones\/breve-radiografia-infidelidad-pandemia_0_uCRKmSiZt.html\" target=\"_blank\">Breve radiograf\u00eda de la infidelidad en pandemia<\/a><\/h5><p class=\"elementor-image-box-description\">Seg\u00fan una encuesta del sitio para infieles Second Love, el 80% de 989 argentinos encuestados confes\u00f3 que la cuarentena aument\u00f3 su deseo de conocer otras personas por fuera de su relaci\u00f3n estable...<\/p><\/div><\/div>\t\t\t\t<\/div>\n\t\t\t\t<\/div>\n\t\t\t\t\t<\/div>\n\t\t<\/div>\n\t\t\t\t\t<\/div>\n\t\t<\/section>\n\t\t\t\t<section class=\"elementor-section elementor-top-section elementor-element elementor-element-df0de85 elementor-section-content-top elementor-section-boxed elementor-section-height-default elementor-section-height-default\" data-id=\"df0de85\" data-element_type=\"section\" data-e-type=\"section\">\n\t\t\t\t\t\t<div class=\"elementor-container elementor-column-gap-wider\">\n\t\t\t\t\t<div class=\"elementor-column elementor-col-50 elementor-top-column elementor-element elementor-element-0300c14\" data-id=\"0300c14\" data-element_type=\"column\" data-e-type=\"column\">\n\t\t\t<div class=\"elementor-widget-wrap elementor-element-populated\">\n\t\t\t\t\t\t<div class=\"elementor-element elementor-element-f073ec5 elementor-position-top elementor-widget elementor-widget-image-box\" data-id=\"f073ec5\" data-element_type=\"widget\" data-e-type=\"widget\" data-widget_type=\"image-box.default\">\n\t\t\t\t<div class=\"elementor-widget-container\">\n\t\t\t\t\t<div class=\"elementor-image-box-wrapper\"><figure class=\"elementor-image-box-img\"><a href=\"https:\/\/www.lanacion.com.ar\/lifestyle\/infidelidad-la-cuarentena-aumento-deseo-tener-aventura-nid2494666\/\" target=\"_blank\" tabindex=\"-1\"><img decoding=\"async\" width=\"366\" height=\"93\" src=\"https:\/\/www.secondlove.com\/blog\/wp-content\/uploads\/2021\/06\/la-nacion-logo-e1622717361754.jpeg\" class=\"attachment-full size-full wp-image-511\" alt=\"imagen\" srcset=\"https:\/\/www.secondlove.com\/blog\/wp-content\/uploads\/2021\/06\/la-nacion-logo-e1622717361754.jpeg 366w, https:\/\/www.secondlove.com\/blog\/wp-content\/uploads\/2021\/06\/la-nacion-logo-e1622717361754-300x76.jpeg 300w\" sizes=\"(max-width: 366px) 100vw, 366px\" \/><\/a><\/figure><div class=\"elementor-image-box-content\"><h5 class=\"elementor-image-box-title\"><a href=\"https:\/\/www.lanacion.com.ar\/lifestyle\/infidelidad-la-cuarentena-aumento-deseo-tener-aventura-nid2494666\/\" target=\"_blank\">Infidelidad. La cuarentena aument\u00f3 el deseo de tener una aventura<\/a><\/h5><p class=\"elementor-image-box-description\">\u00bfQui\u00e9n no lo dese\u00f3 alguna vez? Probablemente muchos. Pero, \u00bfcu\u00e1ntos lo desearon en estos \u00faltimos meses de aislamiento? La respuesta la tiene el sitio de citas para casados Second Love, que mediante una encuesta devel\u00f3 el misterio...\n<\/p><\/div><\/div>\t\t\t\t<\/div>\n\t\t\t\t<\/div>\n\t\t\t\t\t<\/div>\n\t\t<\/div>\n\t\t\t\t<div class=\"elementor-column elementor-col-50 elementor-top-column elementor-element elementor-element-41f0776\" data-id=\"41f0776\" data-element_type=\"column\" data-e-type=\"column\">\n\t\t\t<div class=\"elementor-widget-wrap elementor-element-populated\">\n\t\t\t\t\t\t<div class=\"elementor-element elementor-element-e2547ea elementor-position-top elementor-widget elementor-widget-image-box\" data-id=\"e2547ea\" data-element_type=\"widget\" data-e-type=\"widget\" data-widget_type=\"image-box.default\">\n\t\t\t\t<div class=\"elementor-widget-container\">\n\t\t\t\t\t<div class=\"elementor-image-box-wrapper\"><figure class=\"elementor-image-box-img\"><a href=\"https:\/\/noticias.perfil.com\/noticias\/informacion-general\/9-de-cada-10-argentinos-planean-ser-infieles-este-verano.phtml\" target=\"_blank\" tabindex=\"-1\"><img loading=\"lazy\" decoding=\"async\" width=\"192\" height=\"96\" src=\"https:\/\/www.secondlove.com\/blog\/wp-content\/uploads\/2021\/06\/noticias-logo-e1622715250892.png\" class=\"attachment-full size-full wp-image-515\" alt=\"imagen\" \/><\/a><\/figure><div class=\"elementor-image-box-content\"><h5 class=\"elementor-image-box-title\"><a href=\"https:\/\/noticias.perfil.com\/noticias\/informacion-general\/9-de-cada-10-argentinos-planean-ser-infieles-este-verano.phtml\" target=\"_blank\">Efecto pandemia: 9 de cada 10 argentinos planean ser infieles este verano<\/a><\/h5><p class=\"elementor-image-box-description\">En tiempos donde las apps de citas son el m\u00e9todo primordial para que dos personas se conozcan, el aislamiento y los cuidados hicieron estragos en las relaciones...<\/p><\/div><\/div>\t\t\t\t<\/div>\n\t\t\t\t<\/div>\n\t\t\t\t\t<\/div>\n\t\t<\/div>\n\t\t\t\t\t<\/div>\n\t\t<\/section>\n\t\t\t\t<section class=\"elementor-section elementor-top-section elementor-element elementor-element-930e40a elementor-section-content-top elementor-section-boxed elementor-section-height-default elementor-section-height-default\" data-id=\"930e40a\" data-element_type=\"section\" data-e-type=\"section\">\n\t\t\t\t\t\t<div class=\"elementor-container elementor-column-gap-wider\">\n\t\t\t\t\t<div class=\"elementor-column elementor-col-50 elementor-top-column elementor-element elementor-element-697c28e\" data-id=\"697c28e\" data-element_type=\"column\" data-e-type=\"column\">\n\t\t\t<div class=\"elementor-widget-wrap elementor-element-populated\">\n\t\t\t\t\t\t<div class=\"elementor-element elementor-element-9dccb4c elementor-position-top elementor-widget elementor-widget-image-box\" data-id=\"9dccb4c\" data-element_type=\"widget\" data-e-type=\"widget\" data-widget_type=\"image-box.default\">\n\t\t\t\t<div class=\"elementor-widget-container\">\n\t\t\t\t\t<div class=\"elementor-image-box-wrapper\"><figure class=\"elementor-image-box-img\"><a href=\"https:\/\/www.iproup.com\/coffee-break\/19487-9-de-cada-10-argentinos-concreta-en-sus-citas-online\" target=\"_blank\" tabindex=\"-1\"><img loading=\"lazy\" decoding=\"async\" width=\"200\" height=\"90\" src=\"https:\/\/www.secondlove.com\/blog\/wp-content\/uploads\/2021\/06\/iproup-logo-e1622715477185.jpeg\" class=\"attachment-full size-full wp-image-522\" alt=\"imagen\" \/><\/a><\/figure><div class=\"elementor-image-box-content\"><h5 class=\"elementor-image-box-title\"><a href=\"https:\/\/www.iproup.com\/coffee-break\/19487-9-de-cada-10-argentinos-concreta-en-sus-citas-online\" target=\"_blank\">No tienen miedo a la pandemia: 9 de cada 10 argentinos \"concreta\" en sus citas online<\/a><\/h5><p class=\"elementor-image-box-description\">El 60% de los usuarios no tiene miedo al contagio y cree que un posible confinamiento por una segunda ola aumentar\u00eda su deseo de tener una aventura...<\/p><\/div><\/div>\t\t\t\t<\/div>\n\t\t\t\t<\/div>\n\t\t\t\t\t<\/div>\n\t\t<\/div>\n\t\t\t\t<div class=\"elementor-column elementor-col-50 elementor-top-column elementor-element elementor-element-674d332\" data-id=\"674d332\" data-element_type=\"column\" data-e-type=\"column\">\n\t\t\t<div class=\"elementor-widget-wrap elementor-element-populated\">\n\t\t\t\t\t\t<div class=\"elementor-element elementor-element-ca17046 elementor-widget elementor-widget-image-box\" data-id=\"ca17046\" data-element_type=\"widget\" data-e-type=\"widget\" data-widget_type=\"image-box.default\">\n\t\t\t\t<div class=\"elementor-widget-container\">\n\t\t\t\t\t<div class=\"elementor-image-box-wrapper\"><div class=\"elementor-image-box-content\"><h5 class=\"elementor-image-box-title\"><a href=\"https:\/\/www.youtube.com\/watch?v=PgCHcnYfsQU\" target=\"_blank\">San Valentin en Pandemia<\/a><\/h5><p class=\"elementor-image-box-description\">Tecno Tendencias AmericaTV (video)<\/p><\/div><\/div>\t\t\t\t<\/div>\n\t\t\t\t<\/div>\n\t\t\t\t<div class=\"elementor-element elementor-element-4ec8856 elementor-widget elementor-widget-video\" data-id=\"4ec8856\" data-element_type=\"widget\" data-e-type=\"widget\" data-settings=\"{&quot;youtube_url&quot;:&quot;https:\\\/\\\/www.youtube.com\\\/watch?v=PgCHcnYfsQU&quot;,&quot;start&quot;:470,&quot;end&quot;:540,&quot;yt_privacy&quot;:&quot;yes&quot;,&quot;video_type&quot;:&quot;youtube&quot;,&quot;controls&quot;:&quot;yes&quot;}\" data-widget_type=\"video.default\">\n\t\t\t\t<div class=\"elementor-widget-container\">\n\t\t\t\t\t\t\t<div class=\"elementor-wrapper elementor-open-inline\">\n\t\t\t<div class=\"elementor-video\"><\/div>\t\t<\/div>\n\t\t\t\t\t\t<\/div>\n\t\t\t\t<\/div>\n\t\t\t\t\t<\/div>\n\t\t<\/div>\n\t\t\t\t\t<\/div>\n\t\t<\/section>\n\t\t\t\t<\/div>\n\t\t","protected":false},"excerpt":{"rendered":"<p>8 de cada 10 argentinos confirman que la cuarentena aument\u00f3 su deseo de ser infieles Si bien la cuarentena puede dificultar la conexi\u00f3n con una pareja extramarital, un aumento reciente&#46;&#46;&#46;<\/p>\n","protected":false},"author":2,"featured_media":0,"parent":0,"menu_order":0,"comment_status":"closed","ping_status":"closed","template":"","meta":{"_monsterinsights_skip_tracking":false,"_monsterinsights_sitenote_active":false,"_monsterinsights_sitenote_note":"","_monsterinsights_sitenote_category":0,"footnotes":""},"class_list":["post-487","page","type-page","status-publish","hentry"],"_links":{"self":[{"href":"https:\/\/www.secondlove.com\/blog\/wp-json\/wp\/v2\/pages\/487","targetHints":{"allow":["GET"]}}],"collection":[{"href":"https:\/\/www.secondlove.com\/blog\/wp-json\/wp\/v2\/pages"}],"about":[{"href":"https:\/\/www.secondlove.com\/blog\/wp-json\/wp\/v2\/types\/page"}],"author":[{"embeddable":true,"href":"https:\/\/www.secondlove.com\/blog\/wp-json\/wp\/v2\/users\/2"}],"replies":[{"embeddable":true,"href":"https:\/\/www.secondlove.com\/blog\/wp-json\/wp\/v2\/comments?post=487"}],"version-history":[{"count":75,"href":"https:\/\/www.secondlove.com\/blog\/wp-json\/wp\/v2\/pages\/487\/revisions"}],"predecessor-version":[{"id":571,"href":"https:\/\/www.secondlove.com\/blog\/wp-json\/wp\/v2\/pages\/487\/revisions\/571"}],"wp:attachment":[{"href":"https:\/\/www.secondlove.com\/blog\/wp-json\/wp\/v2\/media?parent=487"}],"curies":[{"name":"wp","href":"https:\/\/api.w.org\/{rel}","templated":true}]}}